{"id":14326,"date":"2025-10-08T05:45:39","date_gmt":"2025-10-08T05:45:39","guid":{"rendered":"https:\/\/psychodetailing.ca\/?page_id=14326"},"modified":"2026-01-26T23:28:03","modified_gmt":"2026-01-27T04:28:03","slug":"avant-apres","status":"publish","type":"page","link":"https:\/\/psychodetailing.ca\/fr\/before-after\/","title":{"rendered":"Before &#038; After Gallery"},"content":{"rendered":"<div class=\"wpb-content-wrapper\"><div id=\"vc_row-69ee1375cd2ff\" class=\"vc_row wpb_row vc_row-fluid disable-custom-paggings-mobile vc_custom_1763513675139 thegem-custom-69ee1375cd2de2867\"><div class=\"wpb_column vc_column_container vc_col-sm-12 thegem-custom-69ee1375cd50e382\" ><div class=\"vc_column-inner thegem-custom-inner-69ee1375cd50f vc_custom_1749615755759\"><div class=\"wpb_wrapper thegem-custom-69ee1375cd50e382\"><div id=\"fullwidth-block-69ee1375cd61b\" class=\"fullwidth-block clearfix\"  style=\"background-color: #000000;padding-top: 40px;padding-bottom: 40px;\"><script type=\"text\/javascript\">if (typeof(gem_fix_fullwidth_position) == \"function\") { gem_fix_fullwidth_position(document.getElementById(\"fullwidth-block-69ee1375cd61b\")); }<\/script><div class=\"fullwidth-block-inner\"><div class=\"container\"><div class=\"clearboth\"><\/div><style>#thegem-divider-69ee1375cd66e {margin-top: 22px !important;}<\/style><div id=\"thegem-divider-69ee1375cd66e\" class=\"gem-divider\" style=\"\" ><\/div><div class=\"thegem-te-heading thegem-custom-69ee1375cd7c85604\" ><h1 id=\"thegem-heading-69ee1375cd763\" class=\"thegem-heading thegem-custom-heading-69ee1375cd756258 title-h1\" style=\"text-align: left;\" ><span class=\"colored\" style=\"color: #ffffff;\">Galerie avant et apr\u00e8s<\/span><\/h1><style type=\"text\/css\">#thegem-heading-69ee1375cd763 {margin: 0;}#thegem-heading-69ee1375cd763 {max-width: 710px;}#thegem-heading-69ee1375cd763 a:hover, #thegem-heading-69ee1375cd763 a:hover span.colored {color: var(--thegem-to-menu-level1-color-hover, #00BCD4) !important;}<\/style><\/div><style>@media screen and (max-width: 1023px) {.thegem-heading.thegem-custom-heading-69ee1375cd756258{display: block!important;}}@media screen and (max-width: 767px) {.thegem-heading.thegem-custom-heading-69ee1375cd756258{display: block!important;}}@media screen and (max-width: 1023px) {.thegem-heading.thegem-custom-heading-69ee1375cd756258{position: relative !important;}}@media screen and (max-width: 767px) {.thegem-heading.thegem-custom-heading-69ee1375cd756258{position: relative !important;}}<\/style><div class=\"clearboth\"><\/div><style>#thegem-divider-69ee1375cd804 {margin-top: 22px !important;}<\/style><div id=\"thegem-divider-69ee1375cd804\" class=\"gem-divider\" style=\"\" ><\/div><div class=\"thegem-te-heading thegem-custom-69ee1375cd8d88944\" ><h2 id=\"thegem-heading-69ee1375cd8b8\" class=\"thegem-heading thegem-custom-heading-69ee1375cd8b74554 styled-subtitle\" style=\"text-align: left;\" ><span class=\"colored\" style=\"color: #34D6FE;\">D\u00e9couvrez la diff\u00e9rence qu'apporte un service esth\u00e9tique automobile professionnel<\/span><\/h2><style type=\"text\/css\">#thegem-heading-69ee1375cd8b8 {margin: 0;}#thegem-heading-69ee1375cd8b8 a:hover, #thegem-heading-69ee1375cd8b8 a:hover span.colored {color: var(--thegem-to-menu-level1-color-hover, #00BCD4) !important;}<\/style><\/div><style>@media screen and (max-width: 1023px) {.thegem-heading.thegem-custom-heading-69ee1375cd8b74554{display: block!important;}}@media screen and (max-width: 767px) {.thegem-heading.thegem-custom-heading-69ee1375cd8b74554{display: block!important;}}@media screen and (max-width: 1023px) {.thegem-heading.thegem-custom-heading-69ee1375cd8b74554{position: relative !important;}}@media screen and (max-width: 767px) {.thegem-heading.thegem-custom-heading-69ee1375cd8b74554{position: relative !important;}}<\/style><div class=\"clearboth\"><\/div><style>#thegem-divider-69ee1375cd8fd {margin-top: 28px !important;}<\/style><div id=\"thegem-divider-69ee1375cd8fd\" class=\"gem-divider\" style=\"\" ><\/div>\r\n\t\r\n\t\t<div class=\"wpb_text_column wpb_content_element  thegem-vc-text thegem-custom-69ee1375cda279926\"  >\r\n\t\t\t<div class=\"wpb_wrapper\">\r\n\t\t\t\t<div class=\"styled-subtitle\"><span style=\"color: #ffffff;\">D\u00e9couvrez comment notre esth\u00e9tique automobile transforme chaque v\u00e9hicule \u00e0 Montr\u00e9al, Laval et la Rive-Nord. De la restauration int\u00e9rieure \u00e0 la brillance ext\u00e9rieure et au nettoyage de compartiment moteur \u2014 nos r\u00e9sultats avant-apr\u00e8s parlent d'eux-m\u00eames.<\/span><\/div>\n\r\n\t\t\t<\/div>\r\n\t\t\t<style>@media screen and (max-width: 1023px) {.thegem-vc-text.thegem-custom-69ee1375cda279926{display: block!important;}}@media screen and (max-width: 767px) {.thegem-vc-text.thegem-custom-69ee1375cda279926{display: block!important;}}@media screen and (max-width: 1023px) {.thegem-vc-text.thegem-custom-69ee1375cda279926{position: relative !important;}}@media screen and (max-width: 767px) {.thegem-vc-text.thegem-custom-69ee1375cda279926{position: relative !important;}}<\/style>\r\n\t\t<\/div>\r\n\t\r\n<\/div><\/div><\/div><\/div><\/div><\/div><\/div><div class=\"vc_row-full-width-before\"><\/div><div id=\"vc_row-69ee1375cdcdc\" data-vc-full-width=\"true\" data-vc-full-width-init=\"false\" class=\"vc_row wpb_row vc_row-fluid vc_custom_1763513207188 thegem-custom-69ee1375cdcca2703 vc_row-has-fill\"><script type=\"text\/javascript\">if (typeof(gem_fix_fullwidth_position) == \"function\") { gem_fix_fullwidth_position(document.getElementById(\"vc_row-69ee1375cdcdc\")); }<\/script><div class=\"wpb_column vc_column_container vc_col-sm-12 thegem-custom-69ee1375cde926802\" ><div class=\"vc_column-inner thegem-custom-inner-69ee1375cde93\"><div class=\"wpb_wrapper thegem-custom-69ee1375cde926802\">\r\n\t\r\n\t\t<div class=\"wpb_text_column wpb_content_element  vc_custom_1763513103585 thegem-vc-text thegem-custom-69ee1375ce00c1662\"  >\r\n\t\t\t<div class=\"wpb_wrapper\">\r\n\t\t\t\t<p><span style=\"color: #ffffff;\">Des taches et odeurs aux surfaces us\u00e9es, notre nettoyage int\u00e9rieur redonne vie \u00e0 votre habitacle avec un look frais, propre et restaur\u00e9.<\/span><\/p>\n\r\n\t\t\t<\/div>\r\n\t\t\t<style>@media screen and (max-width: 1023px) {.thegem-vc-text.thegem-custom-69ee1375ce00c1662{display: block!important;}}@media screen and (max-width: 767px) {.thegem-vc-text.thegem-custom-69ee1375ce00c1662{display: block!important;}}@media screen and (max-width: 1023px) {.thegem-vc-text.thegem-custom-69ee1375ce00c1662{position: relative !important;}}@media screen and (max-width: 767px) {.thegem-vc-text.thegem-custom-69ee1375ce00c1662{position: relative !important;}}<\/style>\r\n\t\t<\/div>\r\n\t\r\n\r\n\t\r\n\t\t<div class=\"wpb_text_column wpb_content_element  vc_custom_1763512936668 thegem-vc-text thegem-custom-69ee1375ce1242879\"  >\r\n\t\t\t<div class=\"wpb_wrapper\">\r\n\t\t\t\t<p style=\"text-align: center;\"><\/p>\n\r\n\t\t\t<\/div>\r\n\t\t\t<style>@media screen and (max-width: 1023px) {.thegem-vc-text.thegem-custom-69ee1375ce1242879{display: block!important;}}@media screen and (max-width: 767px) {.thegem-vc-text.thegem-custom-69ee1375ce1242879{display: block!important;}}@media screen and (max-width: 1023px) {.thegem-vc-text.thegem-custom-69ee1375ce1242879{position: relative !important;}}@media screen and (max-width: 767px) {.thegem-vc-text.thegem-custom-69ee1375ce1242879{position: relative !important;}}<\/style>\r\n\t\t<\/div>\r\n\t\r\n\r\n\t\r\n\t\t<div class=\"wpb_text_column wpb_content_element  vc_custom_1763513174279 thegem-vc-text thegem-custom-69ee1375ce2418316\"  >\r\n\t\t\t<div class=\"wpb_wrapper\">\r\n\t\t\t\t<p><span style=\"color: #ffffff;\">Un r\u00e9sultat impeccable commence ici. On \u00e9limine les contaminants, on restaure la brillance et on prot\u00e8ge votre peinture pour un ext\u00e9rieur de qualit\u00e9 showroom.<\/span><\/p>\n\r\n\t\t\t<\/div>\r\n\t\t\t<style>@media screen and (max-width: 1023px) {.thegem-vc-text.thegem-custom-69ee1375ce2418316{display: block!important;}}@media screen and (max-width: 767px) {.thegem-vc-text.thegem-custom-69ee1375ce2418316{display: block!important;}}@media screen and (max-width: 1023px) {.thegem-vc-text.thegem-custom-69ee1375ce2418316{position: relative !important;}}@media screen and (max-width: 767px) {.thegem-vc-text.thegem-custom-69ee1375ce2418316{position: relative !important;}}<\/style>\r\n\t\t<\/div>\r\n\t\r\n\r\n\t\r\n\t\t<div class=\"wpb_text_column wpb_content_element  vc_custom_1763512941015 thegem-vc-text thegem-custom-69ee1375ce31652\"  >\r\n\t\t\t<div class=\"wpb_wrapper\">\r\n\t\t\t\t<p style=\"text-align: center;\"><\/p>\n\r\n\t\t\t<\/div>\r\n\t\t\t<style>@media screen and (max-width: 1023px) {.thegem-vc-text.thegem-custom-69ee1375ce31652{display: block!important;}}@media screen and (max-width: 767px) {.thegem-vc-text.thegem-custom-69ee1375ce31652{display: block!important;}}@media screen and (max-width: 1023px) {.thegem-vc-text.thegem-custom-69ee1375ce31652{position: relative !important;}}@media screen and (max-width: 767px) {.thegem-vc-text.thegem-custom-69ee1375ce31652{position: relative !important;}}<\/style>\r\n\t\t<\/div>\r\n\t\r\n\r\n\t\r\n\t\t<div class=\"wpb_text_column wpb_content_element  vc_custom_1763513187105 thegem-vc-text thegem-custom-69ee1375ce43f9822\"  >\r\n\t\t\t<div class=\"wpb_wrapper\">\r\n\t\t\t\t<p><span style=\"color: #ffffff;\">Un compartiment moteur propre am\u00e9liore l'apparence, l'entretien et la sant\u00e9 globale du v\u00e9hicule. Voyez comment on restaure la clart\u00e9 et la pr\u00e9cision sous le capot.<\/span><\/p>\n\r\n\t\t\t<\/div>\r\n\t\t\t<style>@media screen and (max-width: 1023px) {.thegem-vc-text.thegem-custom-69ee1375ce43f9822{display: block!important;}}@media screen and (max-width: 767px) {.thegem-vc-text.thegem-custom-69ee1375ce43f9822{display: block!important;}}@media screen and (max-width: 1023px) {.thegem-vc-text.thegem-custom-69ee1375ce43f9822{position: relative !important;}}@media screen and (max-width: 767px) {.thegem-vc-text.thegem-custom-69ee1375ce43f9822{position: relative !important;}}<\/style>\r\n\t\t<\/div>\r\n\t\r\n\r\n\t\r\n\t\t<div class=\"wpb_text_column wpb_content_element  vc_custom_1763512944397 thegem-vc-text thegem-custom-69ee1375ce5373239\"  >\r\n\t\t\t<div class=\"wpb_wrapper\">\r\n\t\t\t\t<p style=\"text-align: center;\"><\/p>\n\r\n\t\t\t<\/div>\r\n\t\t\t<style>@media screen and (max-width: 1023px) {.thegem-vc-text.thegem-custom-69ee1375ce5373239{display: block!important;}}@media screen and (max-width: 767px) {.thegem-vc-text.thegem-custom-69ee1375ce5373239{display: block!important;}}@media screen and (max-width: 1023px) {.thegem-vc-text.thegem-custom-69ee1375ce5373239{position: relative !important;}}@media screen and (max-width: 767px) {.thegem-vc-text.thegem-custom-69ee1375ce5373239{position: relative !important;}}<\/style>\r\n\t\t<\/div>\r\n\t\r\n<\/div><\/div><\/div><\/div><div class=\"vc_row-full-width vc_clearfix\"><\/div>\n<\/div>","protected":false},"excerpt":{"rendered":"","protected":false},"author":1,"featured_media":13905,"parent":0,"menu_order":0,"comment_status":"closed","ping_status":"closed","template":"","meta":{"_monsterinsights_skip_tracking":false,"_monsterinsights_sitenote_active":false,"_monsterinsights_sitenote_note":"","_monsterinsights_sitenote_category":0,"footnotes":""},"class_list":["post-14326","page","type-page","status-publish","has-post-thumbnail"],"aioseo_notices":[],"_links":{"self":[{"href":"https:\/\/psychodetailing.ca\/fr\/wp-json\/wp\/v2\/pages\/14326","targetHints":{"allow":["GET"]}}],"collection":[{"href":"https:\/\/psychodetailing.ca\/fr\/wp-json\/wp\/v2\/pages"}],"about":[{"href":"https:\/\/psychodetailing.ca\/fr\/wp-json\/wp\/v2\/types\/page"}],"author":[{"embeddable":true,"href":"https:\/\/psychodetailing.ca\/fr\/wp-json\/wp\/v2\/users\/1"}],"replies":[{"embeddable":true,"href":"https:\/\/psychodetailing.ca\/fr\/wp-json\/wp\/v2\/comments?post=14326"}],"version-history":[{"count":16,"href":"https:\/\/psychodetailing.ca\/fr\/wp-json\/wp\/v2\/pages\/14326\/revisions"}],"predecessor-version":[{"id":15594,"href":"https:\/\/psychodetailing.ca\/fr\/wp-json\/wp\/v2\/pages\/14326\/revisions\/15594"}],"wp:featuredmedia":[{"embeddable":true,"href":"https:\/\/psychodetailing.ca\/fr\/wp-json\/wp\/v2\/media\/13905"}],"wp:attachment":[{"href":"https:\/\/psychodetailing.ca\/fr\/wp-json\/wp\/v2\/media?parent=14326"}],"curies":[{"name":"wp","href":"https:\/\/api.w.org\/{rel}","templated":true}]}}